{"id":408,"date":"2025-04-12T20:38:08","date_gmt":"2025-04-12T18:38:08","guid":{"rendered":"https:\/\/excellenceconjugale.com\/?post_type=product&#038;p=408"},"modified":"2025-04-12T20:42:21","modified_gmt":"2025-04-12T18:42:21","slug":"excellence-conjuguale","status":"publish","type":"product","link":"https:\/\/excellenceconjugale.com\/?product=excellence-conjuguale","title":{"rendered":"Excellence Conjuguale"},"content":{"rendered":"<p class=\"\" data-start=\"568\" data-end=\"884\"><strong data-start=\"568\" data-end=\"592\">Excellence Conjugale<\/strong> est bien plus qu\u2019un simple livre : c\u2019est un v\u00e9ritable outil de transformation pour les couples en qu\u00eate d\u2019harmonie et de stabilit\u00e9. \u00c9crit avec passion, foi et exp\u00e9rience, cet ouvrage propose des cl\u00e9s concr\u00e8tes pour construire un mariage solide, heureux et centr\u00e9 sur les valeurs chr\u00e9tiennes.<\/p>\n<p class=\"\" data-start=\"886\" data-end=\"1010\">\u00c0 travers des chapitres riches, des t\u00e9moignages percutants et des conseils pratiques, ce livre vous guidera pas \u00e0 pas pour :<\/p>\n<ul data-start=\"1012\" data-end=\"1298\">\n<li class=\"\" data-start=\"1012\" data-end=\"1067\">\n<p class=\"\" data-start=\"1014\" data-end=\"1067\">Communiquer avec amour et efficacit\u00e9 dans le couple<\/p>\n<\/li>\n<li class=\"\" data-start=\"1068\" data-end=\"1114\">\n<p class=\"\" data-start=\"1070\" data-end=\"1114\">G\u00e9rer les conflits sans blesser ni diviser<\/p>\n<\/li>\n<li class=\"\" data-start=\"1115\" data-end=\"1169\">\n<p class=\"\" data-start=\"1117\" data-end=\"1169\">Cultiver la tendresse, la complicit\u00e9 et l\u2019intimit\u00e9<\/p>\n<\/li>\n<li class=\"\" data-start=\"1170\" data-end=\"1237\">\n<p class=\"\" data-start=\"1172\" data-end=\"1237\">Grandir ensemble dans la foi et la vision du mariage selon Dieu<\/p>\n<\/li>\n<li class=\"\" data-start=\"1238\" data-end=\"1298\">\n<p class=\"\" data-start=\"1240\" data-end=\"1298\">Pr\u00e9venir les erreurs courantes qui d\u00e9truisent les foyers<\/p>\n<\/li>\n<\/ul>\n<p class=\"\" data-start=\"1300\" data-end=\"1487\">Que vous soyez fianc\u00e9s, jeunes mari\u00e9s ou en couple depuis plusieurs ann\u00e9es, ce livre vous apportera des r\u00e9ponses claires, des encouragements puissants et une vision renouvel\u00e9e du mariage.<\/p>\n<p class=\"\" data-start=\"1300\" data-end=\"1487\">\ud83d\udce6 <strong data-start=\"1531\" data-end=\"1541\">Format<\/strong> : Livre papier \/ PDF<br data-start=\"1584\" data-end=\"1587\" \/>\ud83c\udf81 <strong data-start=\"1590\" data-end=\"1599\">Bonus<\/strong> : Acc\u00e8s \u00e0 un groupe priv\u00e9 de discussion entre couple<\/p>\n","protected":false},"excerpt":{"rendered":"<p class=\"\" data-start=\"205\" data-end=\"488\"><strong data-start=\"205\" data-end=\"314\">Un guide pratique et inspirant pour b\u00e2tir un foyer solide, \u00e9panoui et centr\u00e9 sur les valeurs chr\u00e9tiennes.<\/strong><br data-start=\"314\" data-end=\"317\" \/>D\u00e9couvrez <em data-start=\"327\" data-end=\"349\">Excellence Conjugale<\/em>, un ouvrage essentiel pour tous les couples d\u00e9sireux de vivre une relation harmonieuse, durable et transform\u00e9e par des principes \u00e9prouv\u00e9s.<\/p>\n","protected":false},"featured_media":409,"comment_status":"open","ping_status":"closed","template":"","meta":{"ocean_post_layout":"","ocean_both_sidebars_style":"","ocean_both_sidebars_content_width":0,"ocean_both_sidebars_sidebars_width":0,"ocean_sidebar":"0","ocean_second_sidebar":"0","ocean_disable_margins":"enable","ocean_add_body_class":"","ocean_shortcode_before_top_bar":"","ocean_shortcode_after_top_bar":"","ocean_shortcode_before_header":"","ocean_shortcode_after_header":"","ocean_has_shortcode":"","ocean_shortcode_after_title":"","ocean_shortcode_before_footer_widgets":"","ocean_shortcode_after_footer_widgets":"","ocean_shortcode_before_footer_bottom":"","ocean_shortcode_after_footer_bottom":"","ocean_display_top_bar":"default","ocean_display_header":"default","ocean_header_style":"","ocean_center_header_left_menu":"0","ocean_custom_header_template":"0","ocean_custom_logo":0,"ocean_custom_retina_logo":0,"ocean_custom_logo_max_width":0,"ocean_custom_logo_tablet_max_width":0,"ocean_custom_logo_mobile_max_width":0,"ocean_custom_logo_max_height":0,"ocean_custom_logo_tablet_max_height":0,"ocean_custom_logo_mobile_max_height":0,"ocean_header_custom_menu":"0","ocean_menu_typo_font_family":"0","ocean_menu_typo_font_subset":"","ocean_menu_typo_font_size":0,"ocean_menu_typo_font_size_tablet":0,"ocean_menu_typo_font_size_mobile":0,"ocean_menu_typo_font_size_unit":"px","ocean_menu_typo_font_weight":"","ocean_menu_typo_font_weight_tablet":"","ocean_menu_typo_font_weight_mobile":"","ocean_menu_typo_transform":"","ocean_menu_typo_transform_tablet":"","ocean_menu_typo_transform_mobile":"","ocean_menu_typo_line_height":0,"ocean_menu_typo_line_height_tablet":0,"ocean_menu_typo_line_height_mobile":0,"ocean_menu_typo_line_height_unit":"","ocean_menu_typo_spacing":0,"ocean_menu_typo_spacing_tablet":0,"ocean_menu_typo_spacing_mobile":0,"ocean_menu_typo_spacing_unit":"","ocean_menu_link_color":"","ocean_menu_link_color_hover":"","ocean_menu_link_color_active":"","ocean_menu_link_background":"","ocean_menu_link_hover_background":"","ocean_menu_link_active_background":"","ocean_menu_social_links_bg":"","ocean_menu_social_hover_links_bg":"","ocean_menu_social_links_color":"","ocean_menu_social_hover_links_color":"","ocean_disable_title":"default","ocean_disable_heading":"default","ocean_post_title":"","ocean_post_subheading":"","ocean_post_title_style":"","ocean_post_title_background_color":"","ocean_post_title_background":0,"ocean_post_title_bg_image_position":"","ocean_post_title_bg_image_attachment":"","ocean_post_title_bg_image_repeat":"","ocean_post_title_bg_image_size":"","ocean_post_title_height":0,"ocean_post_title_bg_overlay":0.5,"ocean_post_title_bg_overlay_color":"","ocean_disable_breadcrumbs":"default","ocean_breadcrumbs_color":"","ocean_breadcrumbs_separator_color":"","ocean_breadcrumbs_links_color":"","ocean_breadcrumbs_links_hover_color":"","ocean_display_footer_widgets":"default","ocean_display_footer_bottom":"default","ocean_custom_footer_template":"0","_joinchat":[]},"product_brand":[],"product_cat":[20],"product_tag":[],"class_list":{"0":"post-408","1":"product","2":"type-product","3":"status-publish","4":"has-post-thumbnail","6":"product_cat-non-classe","8":"entry","9":"has-media","11":"first","12":"instock","13":"shipping-taxable","14":"purchasable","15":"product-type-simple","16":"has-product-nav","17":"col","18":"span_1_of_3","19":"owp-content-center","20":"owp-thumbs-layout-horizontal","21":"owp-btn-normal","22":"owp-tabs-layout-horizontal","23":"has-no-thumbnails"},"_links":{"self":[{"href":"https:\/\/excellenceconjugale.com\/index.php?rest_route=\/wp\/v2\/product\/408","targetHints":{"allow":["GET"]}}],"collection":[{"href":"https:\/\/excellenceconjugale.com\/index.php?rest_route=\/wp\/v2\/product"}],"about":[{"href":"https:\/\/excellenceconjugale.com\/index.php?rest_route=\/wp\/v2\/types\/product"}],"replies":[{"embeddable":true,"href":"https:\/\/excellenceconjugale.com\/index.php?rest_route=%2Fwp%2Fv2%2Fcomments&post=408"}],"wp:featuredmedia":[{"embeddable":true,"href":"https:\/\/excellenceconjugale.com\/index.php?rest_route=\/wp\/v2\/media\/409"}],"wp:attachment":[{"href":"https:\/\/excellenceconjugale.com\/index.php?rest_route=%2Fwp%2Fv2%2Fmedia&parent=408"}],"wp:term":[{"taxonomy":"product_brand","embeddable":true,"href":"https:\/\/excellenceconjugale.com\/index.php?rest_route=%2Fwp%2Fv2%2Fproduct_brand&post=408"},{"taxonomy":"product_cat","embeddable":true,"href":"https:\/\/excellenceconjugale.com\/index.php?rest_route=%2Fwp%2Fv2%2Fproduct_cat&post=408"},{"taxonomy":"product_tag","embeddable":true,"href":"https:\/\/excellenceconjugale.com\/index.php?rest_route=%2Fwp%2Fv2%2Fproduct_tag&post=408"}],"curies":[{"name":"wp","href":"https:\/\/api.w.org\/{rel}","templated":true}]}}